{"id":275,"date":"2015-02-18T21:43:17","date_gmt":"2015-02-18T21:43:17","guid":{"rendered":"http:\/\/new.minventia.com\/home\/"},"modified":"2023-02-03T00:15:14","modified_gmt":"2023-02-02T23:15:14","slug":"home","status":"publish","type":"page","link":"https:\/\/minventia.com\/","title":{"rendered":"Strona g\u0142\u00f3wna"},"content":{"rendered":"<p>[cs_content][cs_element_section _id=&#8221;1&#8243; ][cs_element_row _id=&#8221;2&#8243; ][cs_element_column _id=&#8221;3&#8243; ][x_card animation=&#8221;flip-from-top&#8221; center_vertically=&#8221;true&#8221; front_style=&#8221;border-width: 8px 8px 8px 8px; border-style: none; border-color: hsl(204, 62%, 40%); color: hsl(0, 0%, 100%); background-color: #3498db;&#8221; front_icon=&#8221;chess-queen&#8221; front_icon_size=&#8221;36px&#8221; front_icon_color=&#8221;#99cbed&#8221; front_title=&#8221;Strategia&#8221; front_text=&#8221;Projektowanie i planowanie efektywnych strategii rynkowych.&#8221; back_style=&#8221;border-width: 8px 8px 8px 8px; border-style: none; border-color: hsl(204, 62%, 40%); color: hsl(204, 62%, 40%); background-color: hsl(0, 0%, 100%);&#8221; back_title=&#8221; &#8221; back_text=&#8221;formu\u0142owanie cel\u00f3w i priorytet\u00f3w<br \/>\ndiagnoza bie\u017c\u0105cej pozycji<br \/>\nidentyfikacja i ocena scenariuszy<br \/>\nplanowanie<br \/>\n&#8221;  back_button_text=&#8221;Dowiedz si\u0119 wi\u0119cej&#8221; back_button_link=&#8221;#&#8221; back_button_color=&#8221;#ffffff&#8221; back_button_bg_color=&#8221;hsl(204, 62%, 40%)&#8221; padding=&#8221;5% 5% 5% 5%&#8221;][\/cs_element_column][cs_element_column _id=&#8221;5&#8243; ][x_card animation=&#8221;flip-from-top&#8221; center_vertically=&#8221;true&#8221; front_style=&#8221;border-width: 8px 8px 8px 8px; border-style: none; border-color: hsl(204, 62%, 40%); color: hsl(0, 0%, 100%); background-color: hsl(126, 55%, 29%);&#8221; front_icon=&#8221;chess-rook&#8221; front_icon_size=&#8221;36px&#8221; front_icon_color=&#8221;hsl(136, 70%, 76%)&#8221; front_title=&#8221;Efektywno\u015b\u0107&#8221; front_text=&#8221;Projektowanie, budowa i optymalizacja zdolno\u015bci operacyjnych.&#8221; back_style=&#8221;border-width: 8px 8px 8px 8px; border-style: none; border-color: hsl(126, 55%, 29%); color: hsl(126, 55%, 29%); background-color: hsl(0, 0%, 100%);&#8221; back_title=&#8221; &#8221; back_text=&#8221;formu\u0142owanie cel\u00f3w i priorytet\u00f3w<br \/>\ndiagnoza bie\u017c\u0105cej pozycji<br \/>\nidentyfikacja i ocena scenariuszy<br \/>\nplanowanie<br \/>\n&#8221;  back_button_text=&#8221;Dowiedz si\u0119 wi\u0119cej&#8221; back_button_link=&#8221;#&#8221; back_button_color=&#8221;#ffffff&#8221; back_button_bg_color=&#8221;hsl(126, 55%, 29%)&#8221; padding=&#8221;5% 5% 5% 5%&#8221;][\/cs_element_column][cs_element_column _id=&#8221;7&#8243; ][x_card animation=&#8221;flip-from-top&#8221; center_vertically=&#8221;true&#8221; front_style=&#8221;border-width: 8px 8px 8px 8px; border-style: none; border-color: hsl(204, 62%, 40%); color: hsl(0, 0%, 100%); background-color: hsl(35, 66%, 47%);&#8221; front_icon=&#8221;chess-king&#8221; front_icon_size=&#8221;36px&#8221; front_icon_color=&#8221;hsl(35, 47%, 68%)&#8221; front_title=&#8221;Cyfryzacja&#8221; front_text=&#8221;Projektowanie, wyb\u00f3r i wsparcie wdro\u017cenia system\u00f3w informatycznych.&#8221; back_style=&#8221;border-width: 8px 8px 8px 8px; border-style: none; border-color: hsl(35, 66%, 47%); color: hsl(35, 66%, 47%); background-color: hsl(0, 0%, 100%);&#8221; back_title=&#8221; &#8221; back_text=&#8221;formu\u0142owanie cel\u00f3w i priorytet\u00f3w<br \/>\ndiagnoza bie\u017c\u0105cej pozycji<br \/>\nidentyfikacja i ocena scenariuszy<br \/>\nplanowanie<br \/>\n&#8221;  back_button_text=&#8221;Dowiedz si\u0119 wi\u0119cej&#8221; back_button_link=&#8221;#&#8221; back_button_color=&#8221;#ffffff&#8221; back_button_bg_color=&#8221;hsl(35, 66%, 47%)&#8221; padding=&#8221;5% 5% 5% 5%&#8221;][\/cs_element_column][\/cs_element_row][\/cs_element_section][cs_element_section _id=&#8221;9&#8243; ][cs_element_row _id=&#8221;10&#8243; ][cs_element_column _id=&#8221;11&#8243; ][cs_element_content_area _id=&#8221;12&#8243; ][cs_content_seo]Al. Solidarno\u015bci 117Warszawa\\n\\n[\/cs_content_seo][\/cs_element_column][cs_element_column _id=&#8221;13&#8243; ][x_google_map api_key=&#8221;AIzaSyDtyZBZhzyLrndaQAe_Khl3EJLWmp_8IcI&#8221; lat=&#8221;52.2406428&#8243; lng=&#8221;20.9957921&#8243; zoom=&#8221;12&#8243; zoom_control=&#8221;true&#8221; drag=&#8221;false&#8221; height=&#8221;&#8221; hue=&#8221;#d31d1d&#8221; no_container=&#8221;true&#8221; ][x_google_map_marker lat=&#8221;40.7056308&#8243; lng=&#8221;-73.9780035&#8243; start_open=&#8221;false&#8221; info=&#8221;&#8221; image=&#8221;&#8221;][\/x_google_map][\/cs_element_column][\/cs_element_row][\/cs_element_section][cs_element_section _id=&#8221;16&#8243; ][cs_element_layout_row _id=&#8221;17&#8243; ][cs_element_layout_column _id=&#8221;18&#8243; ]\n<div class=\"wpcf7 no-js\" id=\"wpcf7-f57-o1\" lang=\"pl-PL\" dir=\"ltr\" data-wpcf7-id=\"57\">\n<div class=\"screen-reader-response\"><p role=\"status\" aria-live=\"polite\" aria-atomic=\"true\"><\/p> <ul><\/ul><\/div>\n<form action=\"\/index.php?rest_route=%2Fwp%2Fv2%2Fpages%2F275#wpcf7-f57-o1\" method=\"post\" class=\"wpcf7-form init\" aria-label=\"Formularz kontaktowy\" novalidate=\"novalidate\" data-status=\"init\">\n<fieldset class=\"hidden-fields-container\"><input type=\"hidden\" name=\"_wpcf7\" value=\"57\" \/><input type=\"hidden\" name=\"_wpcf7_version\" value=\"6.1.5\" \/><input type=\"hidden\" name=\"_wpcf7_locale\" value=\"pl_PL\" \/><input type=\"hidden\" name=\"_wpcf7_unit_tag\" value=\"wpcf7-f57-o1\" \/><input type=\"hidden\" name=\"_wpcf7_container_post\" value=\"0\" \/><input type=\"hidden\" name=\"_wpcf7_posted_data_hash\" value=\"\" \/>\n<\/fieldset>\n<p><label> Imi\u0119 i nazwisko (wymagane)<br \/>\n<span class=\"wpcf7-form-control-wrap\" data-name=\"your-name\"><input size=\"40\" maxlength=\"400\" class=\"wpcf7-form-control wpcf7-text wpcf7-validates-as-required\" aria-required=\"true\" aria-invalid=\"false\" value=\"\" type=\"text\" name=\"your-name\" \/><\/span> <\/label>\n<\/p>\n<p><label> Adres email (wymagane)<br \/>\n<span class=\"wpcf7-form-control-wrap\" data-name=\"your-email\"><input size=\"40\" maxlength=\"400\" class=\"wpcf7-form-control wpcf7-email wpcf7-validates-as-required wpcf7-text wpcf7-validates-as-email\" aria-required=\"true\" aria-invalid=\"false\" value=\"\" type=\"email\" name=\"your-email\" \/><\/span> <\/label>\n<\/p>\n<p><label> Temat<br \/>\n<span class=\"wpcf7-form-control-wrap\" data-name=\"your-subject\"><input size=\"40\" maxlength=\"400\" class=\"wpcf7-form-control wpcf7-text\" aria-invalid=\"false\" value=\"\" type=\"text\" name=\"your-subject\" \/><\/span> <\/label>\n<\/p>\n<p><label> Tre\u015b\u0107 wiadomo\u015bci<br \/>\n<span class=\"wpcf7-form-control-wrap\" data-name=\"your-message\"><textarea cols=\"40\" rows=\"10\" maxlength=\"2000\" class=\"wpcf7-form-control wpcf7-textarea\" aria-invalid=\"false\" name=\"your-message\"><\/textarea><\/span> <\/label>\n<\/p>\n<p><input class=\"wpcf7-form-control wpcf7-submit has-spinner\" type=\"submit\" value=\"Wy\u015blij\" \/>\n<\/p><div class=\"wpcf7-response-output\" aria-hidden=\"true\"><\/div>\n<\/form>\n<\/div>\n[\/cs_element_layout_column][\/cs_element_layout_row][\/cs_element_section][cs_element_responsive_text _id=&#8221;20&#8243; ][cs_element_responsive_text _id=&#8221;21&#8243; ][cs_element_responsive_text _id=&#8221;22&#8243; ][cs_element_responsive_text _id=&#8221;23&#8243; ][\/cs_content]<\/p>\n","protected":false},"excerpt":{"rendered":"<p>[cs_content][cs_element_section _id=&#8221;1&#8243; ][cs_element_row _id=&#8221;2&#8243; ][cs_element_column _id=&#8221;3&#8243; ][x_card animation=&#8221;flip-from-top&#8221; center_vertically=&#8221;true&#8221; front_style=&#8221;border-width: 8px 8px 8px 8px; border-style: none; border-color: hsl(204, 62%, 40%); color: hsl(0, 0%, 100%); background-color: #3498db;&#8221; front_icon=&#8221;chess-queen&#8221; front_icon_size=&#8221;36px&#8221; front_icon_color=&#8221;#99cbed&#8221; front_title=&#8221;Strategia&#8221; front_text=&#8221;Projektowanie i planowanie efektywnych strategii rynkowych.&#8221; back_style=&#8221;border-width: 8px 8px 8px 8px; border-style: none; border-color: hsl(204, 62%, 40%); color: hsl(204, 62%, 40%); background-color: hsl(0, 0%, 100%);&#8221; [&hellip;]<\/p>\n","protected":false},"author":1,"featured_media":0,"parent":0,"menu_order":0,"comment_status":"closed","ping_status":"open","template":"","meta":{"footnotes":""},"class_list":["post-275","page","type-page","status-publish","hentry","entry"],"_links":{"self":[{"href":"https:\/\/minventia.com\/index.php?rest_route=\/wp\/v2\/pages\/275","targetHints":{"allow":["GET"]}}],"collection":[{"href":"https:\/\/minventia.com\/index.php?rest_route=\/wp\/v2\/pages"}],"about":[{"href":"https:\/\/minventia.com\/index.php?rest_route=\/wp\/v2\/types\/page"}],"author":[{"embeddable":true,"href":"https:\/\/minventia.com\/index.php?rest_route=\/wp\/v2\/users\/1"}],"replies":[{"embeddable":true,"href":"https:\/\/minventia.com\/index.php?rest_route=%2Fwp%2Fv2%2Fcomments&post=275"}],"version-history":[{"count":41,"href":"https:\/\/minventia.com\/index.php?rest_route=\/wp\/v2\/pages\/275\/revisions"}],"predecessor-version":[{"id":499,"href":"https:\/\/minventia.com\/index.php?rest_route=\/wp\/v2\/pages\/275\/revisions\/499"}],"wp:attachment":[{"href":"https:\/\/minventia.com\/index.php?rest_route=%2Fwp%2Fv2%2Fmedia&parent=275"}],"curies":[{"name":"wp","href":"https:\/\/api.w.org\/{rel}","templated":true}]}}